{"id":7713,"date":"2024-03-13T14:05:55","date_gmt":"2024-03-13T14:05:55","guid":{"rendered":"https:\/\/www.maresmar.com\/en\/?page_id=7713"},"modified":"2024-04-15T09:56:03","modified_gmt":"2024-04-15T09:56:03","slug":"ethical-channel","status":"publish","type":"page","link":"https:\/\/www.maresmar.com\/en\/ethical-channel\/","title":{"rendered":"ETHICAL CHANNEL"},"content":{"rendered":"<p>[et_pb_section fb_built=&#8221;1&#8243; admin_label=&#8221;section&#8221; _builder_version=&#8221;4.16&#8243; global_colors_info=&#8221;{}&#8221;][et_pb_row admin_label=&#8221;row&#8221; _builder_version=&#8221;4.16&#8243; background_size=&#8221;initial&#8221; background_position=&#8221;top_left&#8221; background_repeat=&#8221;repeat&#8221; global_colors_info=&#8221;{}&#8221;][et_pb_column type=&#8221;4_4&#8243; _builder_version=&#8221;4.16&#8243; custom_padding=&#8221;|||&#8221; global_colors_info=&#8221;{}&#8221; custom_padding__hover=&#8221;|||&#8221;][et_pb_text admin_label=&#8221;Texto&#8221; _builder_version=&#8221;4.20.0&#8243; background_size=&#8221;initial&#8221; background_position=&#8221;top_left&#8221; background_repeat=&#8221;repeat&#8221; custom_margin=&#8221;||55px||false|false&#8221; hover_enabled=&#8221;0&#8243; use_border_color=&#8221;off&#8221; border_color=&#8221;#ffffff&#8221; border_style=&#8221;solid&#8221; global_colors_info=&#8221;{}&#8221; sticky_enabled=&#8221;0&#8243;]<\/p>\n<h1 style=\"text-align: center;\"><strong>ETHICAL CHANNEL<\/strong><\/h1>\n<p>&nbsp;<\/p>\n<p>This channel is dedicated exclusively to directing complaints about legal violations by the organization or its members, under the terms and conditions of Law 2\/2023, of February 20, regulating the protection of persons who report regulatory infractions and fight against corruption.<\/p>\n<p>\u00a0If you have any doubts about other issues, you can contact us through other channels available on the website.<\/p>\n<p>&nbsp;<\/p>\n<p><strong>What are considered regulatory breaches? <\/strong><\/p>\n<p>Without being exclusive or limiting, they are considered to include:<\/p>\n<ul>\n<li>Frauds and scams<\/li>\n<li>Money laundering<\/li>\n<li>Tax evasion or avoidance<\/li>\n<li>Crimes against intellectual or industrial property<\/li>\n<li>Unfair competition<\/li>\n<li>Crimes against the market or consumers Internal corruption<\/li>\n<li>Irregularities with Social Security or the Tax Agency<\/li>\n<li>Violation of data protection regulations<\/li>\n<li>Disclosure of business secrets<\/li>\n<li>Embezzlement<\/li>\n<li>Crimes against the environment and public health<\/li>\n<li>Violation of workers&#8217; rights<\/li>\n<\/ul>\n<p>&nbsp;<\/p>\n<p>Some of the situations that could be reported via this channel are:<\/p>\n<ul>\n<li>Possible illegal conduct and behaviors related to job performance,<\/li>\n<li>Presumed lucrative management of company resources,<\/li>\n<li>Situations of discrimination or sexual abuse,<\/li>\n<li>Practices of corruption, thefts, frauds, etc.<\/li>\n<\/ul>\n<p>&nbsp;<\/p>\n<p><strong>Who can submit a communication? <\/strong><\/p>\n<p>Any person from the company and those external individuals who are or have been linked or related to it in a work or professional context.<\/p>\n<p>&nbsp;<\/p>\n<p><strong>How can I make a communication? <\/strong><\/p>\n<p>It can be made verbally, in writing, or in person following the steps indicated in the Confidential Complaints Channel form. Also, the communication can be anonymous.<\/p>\n<p>&nbsp;<\/p>\n<p><strong>How will the communication be processed? <\/strong><\/p>\n<p>It will be processed ensuring confidentiality and prohibition of retaliation against the reporting person.<\/p>\n<p>&nbsp;<\/p>\n<p><strong>What principles assist the reporting person?<\/strong><\/p>\n<p>The internal information system encompasses guarantees of confidentiality, non-retaliation, respect for independence, data protection, secrecy of communications, and proper practices of follow-up, investigation, and protection of the reporting person.<\/p>\n<p>[\/et_pb_text][et_pb_button button_url=&#8221;https:\/\/canal-etico.lant-abogados.com\/Specific\/MVistaPublica?codiClient=MDAxNDA4&#038;secure=131582.0&#8243; url_new_window=&#8221;on&#8221; button_text=&#8221;Confidential Reporting Channel&#8221; button_alignment=&#8221;center&#8221; admin_label=&#8221;Bot\u00f3n&#8221; module_class=&#8221;dms-button&#8221; _builder_version=&#8221;4.20.0&#8243; _module_preset=&#8221;default&#8221; global_colors_info=&#8221;{}&#8221;][\/et_pb_button][\/et_pb_column][\/et_pb_row][\/et_pb_section][et_pb_section fb_built=&#8221;1&#8243; _builder_version=&#8221;4.20.0&#8243; width=&#8221;100%&#8221; max_width=&#8221;100%&#8221; module_alignment=&#8221;center&#8221; custom_padding=&#8221;0px||0px||false|false&#8221; global_module=&#8221;5459&#8243; global_colors_info=&#8221;{}&#8221;][et_pb_row _builder_version=&#8221;4.20.0&#8243; background_color=&#8221;#1f3b71&#8243; background_size=&#8221;initial&#8221; background_position=&#8221;top_left&#8221; background_repeat=&#8221;repeat&#8221; width=&#8221;100%&#8221; max_width=&#8221;100%&#8221; module_alignment=&#8221;center&#8221; custom_padding=&#8221;50px|25px||25px|false|true&#8221; global_colors_info=&#8221;{}&#8221;][et_pb_column type=&#8221;4_4&#8243; _builder_version=&#8221;4.20.0&#8243; _module_preset=&#8221;default&#8221; global_colors_info=&#8221;{}&#8221;][et_pb_image src=&#8221;https:\/\/www.maresmar.com\/wp-content\/uploads\/2024\/02\/maresmar_logo-1.png&#8221; title_text=&#8221;maresmar_logo&#8221; url=&#8221;https:\/\/www.maresmar.com\/&#8221; align=&#8221;center&#8221; _builder_version=&#8221;4.20.0&#8243; _module_preset=&#8221;default&#8221; width=&#8221;200px&#8221; width_tablet=&#8221;250px&#8221; width_phone=&#8221;150px&#8221; width_last_edited=&#8221;on|phone&#8221; global_colors_info=&#8221;{}&#8221;][\/et_pb_image][\/et_pb_column][\/et_pb_row][et_pb_row custom_padding_last_edited=&#8221;on|desktop&#8221; module_class=&#8221;dms-flex-center footer-links&#8221; _builder_version=&#8221;4.20.0&#8243; _module_preset=&#8221;default&#8221; background_color=&#8221;#1f3b71&#8243; width=&#8221;100%&#8221; max_width=&#8221;100%&#8221; module_alignment=&#8221;center&#8221; custom_padding=&#8221;25px|25px|25px|25px|true|true&#8221; custom_padding_tablet=&#8221;&#8221; custom_padding_phone=&#8221;15px||0px||false|true&#8221; global_colors_info=&#8221;{}&#8221;][et_pb_column type=&#8221;4_4&#8243; _builder_version=&#8221;4.20.0&#8243; _module_preset=&#8221;default&#8221; global_colors_info=&#8221;{}&#8221;][et_pb_text _builder_version=&#8221;4.20.0&#8243; _dynamic_attributes=&#8221;link_option_url&#8221; _module_preset=&#8221;default&#8221; text_font=&#8221;|300||on|||||&#8221; text_text_color=&#8221;#FFFFFF&#8221; text_font_size=&#8221;11px&#8221; text_letter_spacing=&#8221;4.2px&#8221; custom_margin=&#8221;|35px|0px|35px|false|true&#8221; link_option_url=&#8221;@ET-DC@eyJkeW5hbWljIjp0cnVlLCJjb250ZW50IjoicG9zdF9saW5rX3VybF9wYWdlIiwic2V0dGluZ3MiOnsicG9zdF9pZCI6IjM5NzMifX0=@&#8221; global_colors_info=&#8221;{}&#8221;]<\/p>\n<p style=\"text-align: center;\">LEGAL NOTICE<\/p>\n<p>[\/et_pb_text][et_pb_text _builder_version=&#8221;4.20.0&#8243; _dynamic_attributes=&#8221;link_option_url&#8221; _module_preset=&#8221;default&#8221; text_font=&#8221;|300||on|||||&#8221; text_text_color=&#8221;#FFFFFF&#8221; text_font_size=&#8221;11px&#8221; text_letter_spacing=&#8221;4.2px&#8221; custom_margin=&#8221;|35px|0px|35px|false|true&#8221; link_option_url=&#8221;@ET-DC@eyJkeW5hbWljIjp0cnVlLCJjb250ZW50IjoicG9zdF9saW5rX3VybF9wYWdlIiwic2V0dGluZ3MiOnsicG9zdF9pZCI6IjYifX0=@&#8221; global_colors_info=&#8221;{}&#8221;]<\/p>\n<p style=\"text-align: center;\">COOKIES POLICY<\/p>\n<p>[\/et_pb_text][et_pb_text _builder_version=&#8221;4.20.0&#8243; _dynamic_attributes=&#8221;link_option_url&#8221; _module_preset=&#8221;default&#8221; text_font=&#8221;|300||on|||||&#8221; text_text_color=&#8221;#FFFFFF&#8221; text_font_size=&#8221;11px&#8221; text_letter_spacing=&#8221;4.2px&#8221; custom_margin=&#8221;|35px|0px|35px|false|true&#8221; link_option_url=&#8221;@ET-DC@eyJkeW5hbWljIjp0cnVlLCJjb250ZW50IjoicG9zdF9saW5rX3VybF9wYWdlIiwic2V0dGluZ3MiOnsicG9zdF9pZCI6IjM5NzEifX0=@&#8221; global_colors_info=&#8221;{}&#8221;]<\/p>\n<p style=\"text-align: center;\">PRIVACY POLICY<\/p>\n<p>[\/et_pb_text][\/et_pb_column][\/et_pb_row][et_pb_row module_class=&#8221;dms-flex-center&#8221; _builder_version=&#8221;4.20.0&#8243; _module_preset=&#8221;default&#8221; background_color=&#8221;#1f3b71&#8243; width=&#8221;100%&#8221; max_width=&#8221;100%&#8221; custom_padding=&#8221;|25px|25px|25px|false|true&#8221; global_colors_info=&#8221;{}&#8221;][et_pb_column type=&#8221;4_4&#8243; _builder_version=&#8221;4.20.0&#8243; _module_preset=&#8221;default&#8221; global_colors_info=&#8221;{}&#8221;][et_pb_icon font_icon=&#8221;&#xe09a;||divi||400&#8243; icon_color=&#8221;#FFFFFF&#8221; icon_width=&#8221;22px&#8221; url=&#8221;https:\/\/www.instagram.com\/maresmar1987\/&#8221; url_new_window=&#8221;on&#8221; admin_label=&#8221;Icono RRSS&#8221; module_class=&#8221;footer-rrss-icon&#8221; _builder_version=&#8221;4.20.0&#8243; _module_preset=&#8221;default&#8221; custom_margin=&#8221;|8px|0px|8px|false|true&#8221; global_colors_info=&#8221;{}&#8221;][\/et_pb_icon][et_pb_icon font_icon=&#8221;&#xe09d;||divi||400&#8243; icon_color=&#8221;#FFFFFF&#8221; icon_width=&#8221;22px&#8221; url=&#8221;https:\/\/www.linkedin.com\/company\/maresmar-s-l-u\/&#8221; url_new_window=&#8221;on&#8221; admin_label=&#8221;Icono RRSS&#8221; module_class=&#8221;footer-rrss-icon&#8221; _builder_version=&#8221;4.20.0&#8243; _module_preset=&#8221;default&#8221; custom_margin=&#8221;|8px|0px|8px|false|true&#8221; global_colors_info=&#8221;{}&#8221;][\/et_pb_icon][et_pb_icon font_icon=&#8221;&#xe0a3;||divi||400&#8243; icon_color=&#8221;#FFFFFF&#8221; icon_width=&#8221;22px&#8221; url=&#8221;https:\/\/www.youtube.com\/@maresmar1987&#8243; url_new_window=&#8221;on&#8221; admin_label=&#8221;Icono RRSS&#8221; module_class=&#8221;footer-rrss-icon&#8221; _builder_version=&#8221;4.20.0&#8243; _module_preset=&#8221;default&#8221; custom_margin=&#8221;|8px|0px|8px|false|true&#8221; global_colors_info=&#8221;{}&#8221;][\/et_pb_icon][\/et_pb_column][\/et_pb_row][et_pb_row module_class=&#8221;dms-flex-center&#8221; _builder_version=&#8221;4.20.0&#8243; _module_preset=&#8221;default&#8221; background_color=&#8221;#FFFFFF&#8221; width=&#8221;100%&#8221; max_width=&#8221;100%&#8221; custom_padding=&#8221;25px|25px|25px|25px|true|true&#8221; global_colors_info=&#8221;{}&#8221;][et_pb_column type=&#8221;4_4&#8243; _builder_version=&#8221;4.20.0&#8243; _module_preset=&#8221;default&#8221; global_colors_info=&#8221;{}&#8221;][et_pb_image src=&#8221;https:\/\/www.maresmar.com\/wp-content\/uploads\/2024\/01\/logos_calidade.png&#8221; title_text=&#8221;logos_calidade&#8221; admin_label=&#8221;Logo Socios Footer&#8221; _builder_version=&#8221;4.20.0&#8243; _module_preset=&#8221;default&#8221; custom_margin=&#8221;|30px|0px|30px|false|true&#8221; custom_margin_tablet=&#8221;&#8221; custom_margin_phone=&#8221;|5px||5px|false|true&#8221; custom_margin_last_edited=&#8221;on|phone&#8221; global_colors_info=&#8221;{}&#8221;][\/et_pb_image][et_pb_image src=&#8221;https:\/\/www.maresmar.com\/wp-content\/uploads\/2024\/01\/logos_musklu.png&#8221; title_text=&#8221;logos_musklu&#8221; admin_label=&#8221;Logo Socios Footer&#8221; _builder_version=&#8221;4.20.0&#8243; _module_preset=&#8221;default&#8221; custom_margin=&#8221;|30px|0px|30px|false|true&#8221; custom_margin_tablet=&#8221;&#8221; custom_margin_phone=&#8221;|5px|0px|5px|false|true&#8221; custom_margin_last_edited=&#8221;on|phone&#8221; global_colors_info=&#8221;{}&#8221;][\/et_pb_image][et_pb_image src=&#8221;https:\/\/www.maresmar.com\/wp-content\/uploads\/2024\/01\/logos_quality.png&#8221; title_text=&#8221;logos_quality&#8221; admin_label=&#8221;Logo Socios Footer&#8221; _builder_version=&#8221;4.20.0&#8243; _module_preset=&#8221;default&#8221; custom_margin=&#8221;|30px|0px|30px|false|true&#8221; custom_margin_tablet=&#8221;&#8221; custom_margin_phone=&#8221;|5px|0px|5px|false|true&#8221; custom_margin_last_edited=&#8221;on|phone&#8221; global_colors_info=&#8221;{}&#8221;][\/et_pb_image][et_pb_image src=&#8221;https:\/\/www.maresmar.com\/wp-content\/uploads\/2024\/02\/logos_maresmar-1.png&#8221; title_text=&#8221;logos_maresmar&#8221; admin_label=&#8221;Logo Socios Footer&#8221; _builder_version=&#8221;4.20.0&#8243; _module_preset=&#8221;default&#8221; custom_margin=&#8221;|30px|0px|30px|false|true&#8221; custom_margin_tablet=&#8221;&#8221; custom_margin_phone=&#8221;|5px|0px|5px|false|true&#8221; custom_margin_last_edited=&#8221;on|phone&#8221; global_colors_info=&#8221;{}&#8221;][\/et_pb_image][\/et_pb_column][\/et_pb_row][\/et_pb_section]<\/p>\n","protected":false},"excerpt":{"rendered":"<p>ETHICAL CHANNEL &nbsp; This channel is dedicated exclusively to directing complaints about legal violations by the organization or its members, under the terms and conditions of Law 2\/2023, of February 20, regulating the protection of persons who report regulatory infractions and fight against corruption. \u00a0If you have any doubts about other issues, you can contact [&hellip;]<\/p>\n","protected":false},"author":1,"featured_media":0,"parent":0,"menu_order":0,"comment_status":"closed","ping_status":"closed","template":"","meta":{"_et_pb_use_builder":"on","_et_pb_old_content":"Una <em>cookie<\/em> es un peque\u00f1o fichero de texto que se almacena en su navegador cuando visita casi cualquier p\u00e1gina web. Su utilidad es que la web sea capaz de recordar su visita cuando vuelva a navegar por esa p\u00e1gina. Las <em>cookies<\/em> suelen almacenar informaci\u00f3n de car\u00e1cter t\u00e9cnico, preferencias personales, personalizaci\u00f3n de contenidos, estad\u00edsticas de uso, enlaces a redes sociales, acceso a cuentas de usuario, etc. El objetivo de la <em>cookie<\/em> es adaptar el contenido de la web a su perfil y necesidades, sin <em>cookies<\/em> los servicios ofrecidos por cualquier p\u00e1gina se ver\u00edan mermados notablemente. Si desea consultar m\u00e1s informaci\u00f3n sobre qu\u00e9 son las <em>cookies<\/em>, qu\u00e9 almacenan, c\u00f3mo eliminarlas, desactivarlas, etc., <a href=\"\/?page_id=5\">le rogamos se dirija a este enlace.<\/a>\r\n<h2>Cookies utilizadas en este sitio web<\/h2>\r\nSiguiendo las directrices de la Agencia Espa\u00f1ola de Protecci\u00f3n de Datos procedemos a detallar el uso de <em>cookies<\/em> que hace esta web con el fin de informarle con la m\u00e1xima exactitud posible.\r\n\r\nEste sitio web utiliza las siguientes <strong>cookies propias<\/strong>:\r\n<ul>\r\n \t<li>Cookies de sesi\u00f3n, para garantizar que los usuarios que escriban comentarios en el blog sean humanos y no aplicaciones automatizadas. De esta forma se combate el <em>spam<\/em>.<\/li>\r\n<\/ul>\r\nEste sitio web utiliza las siguientes <strong>cookies de terceros<\/strong>:\r\n<ul>\r\n \t<li>Google Analytics: Almacena <em>cookies<\/em> para poder elaborar estad\u00edsticas sobre el tr\u00e1fico y volumen de visitas de esta web. Al utilizar este sitio web est\u00e1 consintiendo el tratamiento de informaci\u00f3n acerca de usted por Google. Por tanto, el ejercicio de cualquier derecho en este sentido deber\u00e1 hacerlo comunicando directamente con Google.<\/li>\r\n \t<li>Redes sociales: Cada red social utiliza sus propias <em>cookies<\/em> para que usted pueda pinchar en botones del tipo <em>Me gusta<\/em> o <em>Compartir<\/em>.<\/li>\r\n<\/ul>\r\n<h2>Desactivaci\u00f3n o eliminaci\u00f3n de cookies<\/h2>\r\nEn cualquier momento podr\u00e1 ejercer su derecho de desactivaci\u00f3n o eliminaci\u00f3n de cookies de este sitio web. Estas acciones se realizan de forma diferente en funci\u00f3n del navegador que est\u00e9 usando. <a href=\"\/?page_id=5#navegadores\">Aqu\u00ed le dejamos una gu\u00eda r\u00e1pida para los navegadores m\u00e1s populares<\/a>.\r\n\r\n\u00a0\r\n<h2>Notas adicionales<\/h2>\r\n<ul>\r\n \t<li>Ni esta web ni sus representantes legales se hacen responsables ni del contenido ni de la veracidad de las pol\u00edticas de privacidad que puedan tener los terceros mencionados en esta pol\u00edtica de <em>cookies<\/em>.<\/li>\r\n \t<li>Los navegadores web son las herramientas encargadas de almacenar las <em>cookies<\/em> y desde este lugar debe efectuar su derecho a eliminaci\u00f3n o desactivaci\u00f3n de las mismas. Ni esta web ni sus representantes legales pueden garantizar la correcta o incorrecta manipulaci\u00f3n de las <em>cookies<\/em> por parte de los mencionados navegadores.<\/li>\r\n \t<li>En algunos casos es necesario instalar <em>cookies<\/em> para que el navegador no olvide su decisi\u00f3n de no aceptaci\u00f3n de las mismas.<\/li>\r\n \t<li>En el caso de las <em>cookies<\/em> de Google Analytics, esta empresa almacena las <em>cookies<\/em> en servidores ubicados en Estados Unidos y se compromete a no compartirla con terceros, excepto en los casos en los que sea necesario para el funcionamiento del sistema o cuando la ley obligue a tal efecto. Seg\u00fan Google no guarda su direcci\u00f3n IP. Google Inc. es una compa\u00f1\u00eda adherida al Acuerdo de Puerto Seguro que garantiza que todos los datos transferidos ser\u00e1n tratados con un nivel de protecci\u00f3n acorde a la normativa europea. Puede consultar informaci\u00f3n detallada a este respecto <a href=\"http:\/\/safeharbor.export.gov\/companyinfo.aspx?id=16626\" target=\"_blank\">en este enlace<\/a>. Si desea informaci\u00f3n sobre el uso que Google da a las cookies <a href=\"https:\/\/developers.google.com\/analytics\/devguides\/collection\/analyticsjs\/cookie-usage?hl=es&csw=1\" target=\"_blank\">le adjuntamos este otro enlace<\/a>.<\/li>\r\n \t<li>Para cualquier duda o consulta acerca de esta pol\u00edtica de <em>cookies<\/em> no dude en comunicarse con nosotros a trav\u00e9s de la secci\u00f3n de contacto.<\/li>\r\n<\/ul>","_et_gb_content_width":"","footnotes":""},"class_list":["post-7713","page","type-page","status-publish","hentry"],"yoast_head":"<!-- This site is optimized with the Yoast SEO plugin v27.3 - https:\/\/yoast.com\/product\/yoast-seo-wordpress\/ -->\n<title>ETHICAL CHANNEL - maresmar.com<\/title>\n<meta name=\"robots\" content=\"index, follow, max-snippet:-1, max-image-preview:large, max-video-preview:-1\" \/>\n<link rel=\"canonical\" href=\"https:\/\/www.maresmar.com\/en\/ethical-channel\/\" \/>\n<meta property=\"og:locale\" content=\"en_US\" \/>\n<meta property=\"og:type\" content=\"article\" \/>\n<meta property=\"og:title\" content=\"ETHICAL CHANNEL - maresmar.com\" \/>\n<meta property=\"og:description\" content=\"ETHICAL CHANNEL &nbsp; This channel is dedicated exclusively to directing complaints about legal violations by the organization or its members, under the terms and conditions of Law 2\/2023, of February 20, regulating the protection of persons who report regulatory infractions and fight against corruption. \u00a0If you have any doubts about other issues, you can contact [&hellip;]\" \/>\n<meta property=\"og:url\" content=\"https:\/\/www.maresmar.com\/en\/ethical-channel\/\" \/>\n<meta property=\"og:site_name\" content=\"maresmar.com\" \/>\n<meta property=\"article:modified_time\" content=\"2024-04-15T09:56:03+00:00\" \/>\n<meta property=\"og:image\" content=\"https:\/\/www.maresmar.com\/wp-content\/uploads\/2024\/04\/logo-maresmar-socials-1.png\" \/>\n\t<meta property=\"og:image:width\" content=\"500\" \/>\n\t<meta property=\"og:image:height\" content=\"311\" \/>\n\t<meta property=\"og:image:type\" content=\"image\/png\" \/>\n<meta name=\"twitter:card\" content=\"summary_large_image\" \/>\n<meta name=\"twitter:label1\" content=\"Est. reading time\" \/>\n\t<meta name=\"twitter:data1\" content=\"3 minutes\" \/>\n<script type=\"application\/ld+json\" class=\"yoast-schema-graph\">{\"@context\":\"https:\\\/\\\/schema.org\",\"@graph\":[{\"@type\":\"WebPage\",\"@id\":\"https:\\\/\\\/www.maresmar.com\\\/en\\\/ethical-channel\\\/\",\"url\":\"https:\\\/\\\/www.maresmar.com\\\/en\\\/ethical-channel\\\/\",\"name\":\"ETHICAL CHANNEL - maresmar.com\",\"isPartOf\":{\"@id\":\"https:\\\/\\\/www.maresmar.com\\\/#website\"},\"datePublished\":\"2024-03-13T14:05:55+00:00\",\"dateModified\":\"2024-04-15T09:56:03+00:00\",\"inLanguage\":\"en-US\",\"potentialAction\":[{\"@type\":\"ReadAction\",\"target\":[\"https:\\\/\\\/www.maresmar.com\\\/en\\\/ethical-channel\\\/\"]}]},{\"@type\":\"WebSite\",\"@id\":\"https:\\\/\\\/www.maresmar.com\\\/#website\",\"url\":\"https:\\\/\\\/www.maresmar.com\\\/\",\"name\":\"Maresmar\",\"description\":\"En todos los oceanos, Desde 1987 nuestra apuesta por el servicio y la innovaci\u00f3n, ha permitido consolidar nuestra oferta de productos del mar como una de las m\u00e1s amplias del mercado.\",\"publisher\":{\"@id\":\"https:\\\/\\\/www.maresmar.com\\\/#organization\"},\"potentialAction\":[{\"@type\":\"SearchAction\",\"target\":{\"@type\":\"EntryPoint\",\"urlTemplate\":\"https:\\\/\\\/www.maresmar.com\\\/?s={search_term_string}\"},\"query-input\":{\"@type\":\"PropertyValueSpecification\",\"valueRequired\":true,\"valueName\":\"search_term_string\"}}],\"inLanguage\":\"en-US\"},{\"@type\":\"Organization\",\"@id\":\"https:\\\/\\\/www.maresmar.com\\\/#organization\",\"name\":\"Maresmar\",\"url\":\"https:\\\/\\\/www.maresmar.com\\\/\",\"logo\":{\"@type\":\"ImageObject\",\"inLanguage\":\"en-US\",\"@id\":\"https:\\\/\\\/www.maresmar.com\\\/#\\\/schema\\\/logo\\\/image\\\/\",\"url\":\"https:\\\/\\\/www.maresmar.com\\\/wp-content\\\/uploads\\\/2024\\\/04\\\/logo-maresmar-socials-1.png\",\"contentUrl\":\"https:\\\/\\\/www.maresmar.com\\\/wp-content\\\/uploads\\\/2024\\\/04\\\/logo-maresmar-socials-1.png\",\"width\":500,\"height\":311,\"caption\":\"Maresmar\"},\"image\":{\"@id\":\"https:\\\/\\\/www.maresmar.com\\\/#\\\/schema\\\/logo\\\/image\\\/\"}}]}<\/script>\n<!-- \/ Yoast SEO plugin. -->","yoast_head_json":{"title":"ETHICAL CHANNEL - maresmar.com","robots":{"index":"index","follow":"follow","max-snippet":"max-snippet:-1","max-image-preview":"max-image-preview:large","max-video-preview":"max-video-preview:-1"},"canonical":"https:\/\/www.maresmar.com\/en\/ethical-channel\/","og_locale":"en_US","og_type":"article","og_title":"ETHICAL CHANNEL - maresmar.com","og_description":"ETHICAL CHANNEL &nbsp; This channel is dedicated exclusively to directing complaints about legal violations by the organization or its members, under the terms and conditions of Law 2\/2023, of February 20, regulating the protection of persons who report regulatory infractions and fight against corruption. \u00a0If you have any doubts about other issues, you can contact [&hellip;]","og_url":"https:\/\/www.maresmar.com\/en\/ethical-channel\/","og_site_name":"maresmar.com","article_modified_time":"2024-04-15T09:56:03+00:00","og_image":[{"width":500,"height":311,"url":"https:\/\/www.maresmar.com\/wp-content\/uploads\/2024\/04\/logo-maresmar-socials-1.png","type":"image\/png"}],"twitter_card":"summary_large_image","twitter_misc":{"Est. reading time":"3 minutes"},"schema":{"@context":"https:\/\/schema.org","@graph":[{"@type":"WebPage","@id":"https:\/\/www.maresmar.com\/en\/ethical-channel\/","url":"https:\/\/www.maresmar.com\/en\/ethical-channel\/","name":"ETHICAL CHANNEL - maresmar.com","isPartOf":{"@id":"https:\/\/www.maresmar.com\/#website"},"datePublished":"2024-03-13T14:05:55+00:00","dateModified":"2024-04-15T09:56:03+00:00","inLanguage":"en-US","potentialAction":[{"@type":"ReadAction","target":["https:\/\/www.maresmar.com\/en\/ethical-channel\/"]}]},{"@type":"WebSite","@id":"https:\/\/www.maresmar.com\/#website","url":"https:\/\/www.maresmar.com\/","name":"Maresmar","description":"En todos los oceanos, Desde 1987 nuestra apuesta por el servicio y la innovaci\u00f3n, ha permitido consolidar nuestra oferta de productos del mar como una de las m\u00e1s amplias del mercado.","publisher":{"@id":"https:\/\/www.maresmar.com\/#organization"},"potentialAction":[{"@type":"SearchAction","target":{"@type":"EntryPoint","urlTemplate":"https:\/\/www.maresmar.com\/?s={search_term_string}"},"query-input":{"@type":"PropertyValueSpecification","valueRequired":true,"valueName":"search_term_string"}}],"inLanguage":"en-US"},{"@type":"Organization","@id":"https:\/\/www.maresmar.com\/#organization","name":"Maresmar","url":"https:\/\/www.maresmar.com\/","logo":{"@type":"ImageObject","inLanguage":"en-US","@id":"https:\/\/www.maresmar.com\/#\/schema\/logo\/image\/","url":"https:\/\/www.maresmar.com\/wp-content\/uploads\/2024\/04\/logo-maresmar-socials-1.png","contentUrl":"https:\/\/www.maresmar.com\/wp-content\/uploads\/2024\/04\/logo-maresmar-socials-1.png","width":500,"height":311,"caption":"Maresmar"},"image":{"@id":"https:\/\/www.maresmar.com\/#\/schema\/logo\/image\/"}}]}},"_links":{"self":[{"href":"https:\/\/www.maresmar.com\/en\/wp-json\/wp\/v2\/pages\/7713","targetHints":{"allow":["GET"]}}],"collection":[{"href":"https:\/\/www.maresmar.com\/en\/wp-json\/wp\/v2\/pages"}],"about":[{"href":"https:\/\/www.maresmar.com\/en\/wp-json\/wp\/v2\/types\/page"}],"author":[{"embeddable":true,"href":"https:\/\/www.maresmar.com\/en\/wp-json\/wp\/v2\/users\/1"}],"replies":[{"embeddable":true,"href":"https:\/\/www.maresmar.com\/en\/wp-json\/wp\/v2\/comments?post=7713"}],"version-history":[{"count":6,"href":"https:\/\/www.maresmar.com\/en\/wp-json\/wp\/v2\/pages\/7713\/revisions"}],"predecessor-version":[{"id":7759,"href":"https:\/\/www.maresmar.com\/en\/wp-json\/wp\/v2\/pages\/7713\/revisions\/7759"}],"wp:attachment":[{"href":"https:\/\/www.maresmar.com\/en\/wp-json\/wp\/v2\/media?parent=7713"}],"curies":[{"name":"wp","href":"https:\/\/api.w.org\/{rel}","templated":true}]}}