{"id":7170,"date":"2022-05-20T08:27:30","date_gmt":"2022-05-20T08:27:30","guid":{"rendered":"https:\/\/www.maresmar.com\/ca\/cocido\/"},"modified":"2024-05-06T07:08:03","modified_gmt":"2024-05-06T07:08:03","slug":"cuit","status":"publish","type":"page","link":"https:\/\/www.maresmar.com\/ca\/cuit\/","title":{"rendered":"Cuit"},"content":{"rendered":"<p>[et_pb_section fb_built=&#8221;1&#8243; fullwidth=&#8221;on&#8221; admin_label=&#8221;Secci\u00f3n&#8221; _builder_version=&#8221;4.16&#8243; global_colors_info=&#8221;{}&#8221;][et_pb_fullwidth_header title=&#8221;Cuit&#8221; text_orientation=&#8221;center&#8221; content_max_width=&#8221;none&#8221; admin_label=&#8221;Cocido&#8221; _builder_version=&#8221;4.20.0&#8243; title_font=&#8221;Sailors Rough|||on|||||&#8221; title_text_align=&#8221;center&#8221; title_font_size=&#8221;42px&#8221; title_letter_spacing=&#8221;2.1px&#8221; title_line_height=&#8221;54.6px&#8221; background_color=&#8221;rgba(112,112,112,0.5)&#8221; background_image=&#8221;https:\/\/www.maresmar.com\/wp-content\/uploads\/2024\/02\/Cocido-1.jpg&#8221; background_last_edited=&#8221;on|phone&#8221; background_image_phone=&#8221;https:\/\/www.maresmar.com\/wp-content\/uploads\/2024\/02\/maresmar_header_productos_cocido_MOB.jpg&#8221; background_enable_image_phone=&#8221;on&#8221; background_url=&#8221;https:\/\/maresmar.com\/wp-content\/uploads\/2016\/04\/Cabecerafondo.jpg&#8221; button_one_letter_spacing_hover=&#8221;0&#8243; button_two_letter_spacing_hover=&#8221;0&#8243; global_colors_info=&#8221;{}&#8221; button_one_text_size__hover_enabled=&#8221;off&#8221; button_two_text_size__hover_enabled=&#8221;off&#8221; button_one_text_color__hover_enabled=&#8221;off&#8221; button_two_text_color__hover_enabled=&#8221;off&#8221; button_one_border_width__hover_enabled=&#8221;off&#8221; button_two_border_width__hover_enabled=&#8221;off&#8221; button_one_border_color__hover_enabled=&#8221;off&#8221; button_two_border_color__hover_enabled=&#8221;off&#8221; button_one_border_radius__hover_enabled=&#8221;off&#8221; button_two_border_radius__hover_enabled=&#8221;off&#8221; button_one_letter_spacing__hover_enabled=&#8221;on&#8221; button_one_letter_spacing__hover=&#8221;0&#8243; button_two_letter_spacing__hover_enabled=&#8221;on&#8221; button_two_letter_spacing__hover=&#8221;0&#8243; button_one_bg_color__hover_enabled=&#8221;off&#8221; button_two_bg_color__hover_enabled=&#8221;off&#8221;][\/et_pb_fullwidth_header][\/et_pb_section][et_pb_section fb_built=&#8221;1&#8243; _builder_version=&#8221;4.20.0&#8243; _module_preset=&#8221;default&#8221; custom_margin=&#8221;||0px||false|false&#8221; custom_padding=&#8221;||0px||false|false&#8221; global_colors_info=&#8221;{}&#8221;][et_pb_row _builder_version=&#8221;4.20.0&#8243; _module_preset=&#8221;default&#8221; custom_padding=&#8221;||0px||false|false&#8221; global_colors_info=&#8221;{}&#8221;][et_pb_column type=&#8221;4_4&#8243; _builder_version=&#8221;4.20.0&#8243; _module_preset=&#8221;default&#8221; global_colors_info=&#8221;{}&#8221;][et_pb_code _builder_version=&#8221;4.20.0&#8243; _module_preset=&#8221;default&#8221; custom_margin=&#8221;||0px||false|false&#8221; custom_padding=&#8221;||0px||false|false&#8221; hover_enabled=&#8221;0&#8243; global_colors_info=&#8221;{}&#8221; sticky_enabled=&#8221;0&#8243;]<\/p>\n<div class=\"dms-category-filter-container\"><!-- [et_pb_line_break_holder] -->  <\/p>\n<div class=\"dms-category-filter-single dms-button\">Veure tots<\/div>\n<p><!-- [et_pb_line_break_holder] -->  <\/p>\n<div class=\"dms-category-filter-single dms-button transparent\">Fresc<\/div>\n<p><!-- [et_pb_line_break_holder] -->  <\/p>\n<div class=\"dms-category-filter-single dms-button transparent\">Congelat<\/div>\n<p><!-- [et_pb_line_break_holder] --><\/div>\n<p>[\/et_pb_code][\/et_pb_column][\/et_pb_row][\/et_pb_section][et_pb_section fb_built=&#8221;1&#8243; admin_label=&#8221;section&#8221; module_class=&#8221;dms-category-container&#8221; _builder_version=&#8221;4.20.0&#8243; global_colors_info=&#8221;{}&#8221;][et_pb_row admin_label=&#8221;row&#8221; _builder_version=&#8221;4.16&#8243; background_size=&#8221;initial&#8221; background_position=&#8221;top_left&#8221; background_repeat=&#8221;repeat&#8221; global_colors_info=&#8221;{}&#8221;][et_pb_column type=&#8221;4_4&#8243; _builder_version=&#8221;4.16&#8243; custom_padding=&#8221;|||&#8221; global_colors_info=&#8221;{}&#8221; custom_padding__hover=&#8221;|||&#8221;][et_pb_text admin_label=&#8221;Fresco Titulo&#8221; _builder_version=&#8221;4.20.0&#8243; text_font=&#8221;|||on|||||&#8221; text_text_color=&#8221;#1f3b71&#8243; text_font_size=&#8221;30px&#8221; text_line_height=&#8221;38px&#8221; background_size=&#8221;initial&#8221; background_position=&#8221;top_left&#8221; background_repeat=&#8221;repeat&#8221; use_border_color=&#8221;off&#8221; border_color=&#8221;#ffffff&#8221; border_style=&#8221;solid&#8221; global_colors_info=&#8221;{}&#8221;]<\/p>\n<h2>Fresc<\/h2>\n<p>[\/et_pb_text][et_pb_divider color=&#8221;#0082ca&#8221; divider_weight=&#8221;2px&#8221; disabled_on=&#8221;on|on|off&#8221; admin_label=&#8221;Separador&#8221; _builder_version=&#8221;4.20.0&#8243; hide_on_mobile=&#8221;on&#8221; global_colors_info=&#8221;{}&#8221;]&nbsp;<br \/>\n[\/et_pb_divider][et_pb_filterable_portfolio fullwidth=&#8221;off&#8221; include_categories=&#8221;561,562&#8243; show_categories=&#8221;off&#8221; show_pagination=&#8221;off&#8221; _builder_version=&#8221;4.20.0&#8243; _module_preset=&#8221;default&#8221; title_level=&#8221;h3&#8243; title_font=&#8221;Jost|700||on|||||&#8221; title_text_align=&#8221;center&#8221; title_text_color=&#8221;#0082ca&#8221; title_font_size=&#8221;16px&#8221; title_line_height=&#8221;28px&#8221; filter_text_color=&#8221;#86a1ba&#8221; filter_font_size=&#8221;16px&#8221; title_font_size_tablet=&#8221;14px&#8221; title_font_size_phone=&#8221;12px&#8221; title_font_size_last_edited=&#8221;on|phone&#8221; title_line_height_tablet=&#8221;24px&#8221; title_line_height_phone=&#8221;18px&#8221; title_line_height_last_edited=&#8221;on|desktop&#8221; filter_font_size_tablet=&#8221;14px&#8221; filter_font_size_phone=&#8221;12px&#8221; filter_font_size_last_edited=&#8221;on|phone&#8221; global_colors_info=&#8221;{}&#8221;][\/et_pb_filterable_portfolio][\/et_pb_column][\/et_pb_row][\/et_pb_section][et_pb_section fb_built=&#8221;1&#8243; admin_label=&#8221;section&#8221; module_class=&#8221;dms-category-container&#8221; _builder_version=&#8221;4.20.0&#8243; global_colors_info=&#8221;{}&#8221;][et_pb_row admin_label=&#8221;row&#8221; _builder_version=&#8221;4.16&#8243; background_size=&#8221;initial&#8221; background_position=&#8221;top_left&#8221; background_repeat=&#8221;repeat&#8221; global_colors_info=&#8221;{}&#8221;][et_pb_column type=&#8221;4_4&#8243; _builder_version=&#8221;4.16&#8243; custom_padding=&#8221;|||&#8221; global_colors_info=&#8221;{}&#8221; custom_padding__hover=&#8221;|||&#8221;][et_pb_text admin_label=&#8221;Congelado Titulo&#8221; _builder_version=&#8221;4.20.0&#8243; text_font=&#8221;|||on|||||&#8221; text_text_color=&#8221;#1f3b71&#8243; text_font_size=&#8221;30px&#8221; text_line_height=&#8221;38px&#8221; background_size=&#8221;initial&#8221; background_position=&#8221;top_left&#8221; background_repeat=&#8221;repeat&#8221; use_border_color=&#8221;off&#8221; border_color=&#8221;#ffffff&#8221; border_style=&#8221;solid&#8221; global_colors_info=&#8221;{}&#8221;]<\/p>\n<h2>Congelat<\/h2>\n<p>[\/et_pb_text][et_pb_divider color=&#8221;#0082ca&#8221; divider_weight=&#8221;2px&#8221; disabled_on=&#8221;on|on|off&#8221; admin_label=&#8221;Separador&#8221; _builder_version=&#8221;4.20.0&#8243; hide_on_mobile=&#8221;on&#8221; global_colors_info=&#8221;{}&#8221;]&nbsp;<br \/>\n[\/et_pb_divider][et_pb_filterable_portfolio fullwidth=&#8221;off&#8221; include_categories=&#8221;568,569&#8243; show_categories=&#8221;off&#8221; show_pagination=&#8221;off&#8221; _builder_version=&#8221;4.20.0&#8243; _module_preset=&#8221;default&#8221; title_level=&#8221;h3&#8243; title_font=&#8221;Jost|700||on|||||&#8221; title_text_align=&#8221;center&#8221; title_text_color=&#8221;#0082ca&#8221; title_font_size=&#8221;16px&#8221; title_line_height=&#8221;28px&#8221; filter_text_color=&#8221;#86a1ba&#8221; filter_font_size=&#8221;16px&#8221; title_font_size_tablet=&#8221;14px&#8221; title_font_size_phone=&#8221;12px&#8221; title_font_size_last_edited=&#8221;on|phone&#8221; title_line_height_tablet=&#8221;24px&#8221; title_line_height_phone=&#8221;18px&#8221; title_line_height_last_edited=&#8221;on|desktop&#8221; filter_font_size_tablet=&#8221;14px&#8221; filter_font_size_phone=&#8221;12px&#8221; filter_font_size_last_edited=&#8221;on|phone&#8221; global_colors_info=&#8221;{}&#8221;][\/et_pb_filterable_portfolio][\/et_pb_column][\/et_pb_row][\/et_pb_section][et_pb_section fb_built=&#8221;1&#8243; _builder_version=&#8221;4.20.0&#8243; width=&#8221;100%&#8221; max_width=&#8221;100%&#8221; module_alignment=&#8221;center&#8221; custom_padding=&#8221;0px||0px||false|false&#8221; global_module=&#8221;5459&#8243; global_colors_info=&#8221;{}&#8221;][et_pb_row _builder_version=&#8221;4.20.0&#8243; background_color=&#8221;#1f3b71&#8243; background_size=&#8221;initial&#8221; background_position=&#8221;top_left&#8221; background_repeat=&#8221;repeat&#8221; width=&#8221;100%&#8221; max_width=&#8221;100%&#8221; module_alignment=&#8221;center&#8221; custom_padding=&#8221;50px|25px||25px|false|true&#8221; global_colors_info=&#8221;{}&#8221;][et_pb_column type=&#8221;4_4&#8243; _builder_version=&#8221;4.20.0&#8243; _module_preset=&#8221;default&#8221; global_colors_info=&#8221;{}&#8221;][et_pb_image src=&#8221;https:\/\/www.maresmar.com\/wp-content\/uploads\/2024\/02\/maresmar_logo-1.png&#8221; title_text=&#8221;maresmar_logo&#8221; url=&#8221;https:\/\/www.maresmar.com\/&#8221; align=&#8221;center&#8221; _builder_version=&#8221;4.20.0&#8243; _module_preset=&#8221;default&#8221; width=&#8221;200px&#8221; width_tablet=&#8221;250px&#8221; width_phone=&#8221;150px&#8221; width_last_edited=&#8221;on|phone&#8221; global_colors_info=&#8221;{}&#8221;][\/et_pb_image][\/et_pb_column][\/et_pb_row][et_pb_row custom_padding_last_edited=&#8221;on|desktop&#8221; module_class=&#8221;dms-flex-center footer-links&#8221; _builder_version=&#8221;4.20.0&#8243; _module_preset=&#8221;default&#8221; background_color=&#8221;#1f3b71&#8243; width=&#8221;100%&#8221; max_width=&#8221;100%&#8221; module_alignment=&#8221;center&#8221; custom_padding=&#8221;25px|25px|25px|25px|true|true&#8221; custom_padding_tablet=&#8221;&#8221; custom_padding_phone=&#8221;15px||0px||false|true&#8221; global_colors_info=&#8221;{}&#8221;][et_pb_column type=&#8221;4_4&#8243; _builder_version=&#8221;4.20.0&#8243; _module_preset=&#8221;default&#8221; global_colors_info=&#8221;{}&#8221;][et_pb_text _builder_version=&#8221;4.20.0&#8243; _dynamic_attributes=&#8221;link_option_url&#8221; _module_preset=&#8221;default&#8221; text_font=&#8221;|300||on|||||&#8221; text_text_color=&#8221;#FFFFFF&#8221; text_font_size=&#8221;11px&#8221; text_letter_spacing=&#8221;4.2px&#8221; custom_margin=&#8221;|35px|0px|35px|false|true&#8221; link_option_url=&#8221;@ET-DC@eyJkeW5hbWljIjp0cnVlLCJjb250ZW50IjoicG9zdF9saW5rX3VybF9wYWdlIiwic2V0dGluZ3MiOnsicG9zdF9pZCI6IjM5NzMifX0=@&#8221; global_colors_info=&#8221;{}&#8221;]<\/p>\n<p style=\"text-align: center;\">AV\u00cdS LEGAL<\/p>\n<p>[\/et_pb_text][et_pb_text _builder_version=&#8221;4.20.0&#8243; _dynamic_attributes=&#8221;link_option_url&#8221; _module_preset=&#8221;default&#8221; text_font=&#8221;|300||on|||||&#8221; text_text_color=&#8221;#FFFFFF&#8221; text_font_size=&#8221;11px&#8221; text_letter_spacing=&#8221;4.2px&#8221; custom_margin=&#8221;|35px|0px|35px|false|true&#8221; link_option_url=&#8221;@ET-DC@eyJkeW5hbWljIjp0cnVlLCJjb250ZW50IjoicG9zdF9saW5rX3VybF9wYWdlIiwic2V0dGluZ3MiOnsicG9zdF9pZCI6IjYifX0=@&#8221; global_colors_info=&#8221;{}&#8221;]<\/p>\n<p style=\"text-align: center;\">POL\u00cdTICA DE COOKIES<\/p>\n<p>[\/et_pb_text][et_pb_text _builder_version=&#8221;4.20.0&#8243; _dynamic_attributes=&#8221;link_option_url&#8221; _module_preset=&#8221;default&#8221; text_font=&#8221;|300||on|||||&#8221; text_text_color=&#8221;#FFFFFF&#8221; text_font_size=&#8221;11px&#8221; text_letter_spacing=&#8221;4.2px&#8221; custom_margin=&#8221;|35px|0px|35px|false|true&#8221; link_option_url=&#8221;@ET-DC@eyJkeW5hbWljIjp0cnVlLCJjb250ZW50IjoicG9zdF9saW5rX3VybF9wYWdlIiwic2V0dGluZ3MiOnsicG9zdF9pZCI6IjM5NzEifX0=@&#8221; global_colors_info=&#8221;{}&#8221;]<\/p>\n<p style=\"text-align: center;\">POL\u00cdTICA DE PRIVACITAT<\/p>\n<p>[\/et_pb_text][\/et_pb_column][\/et_pb_row][et_pb_row module_class=&#8221;dms-flex-center&#8221; _builder_version=&#8221;4.20.0&#8243; _module_preset=&#8221;default&#8221; background_color=&#8221;#1f3b71&#8243; width=&#8221;100%&#8221; max_width=&#8221;100%&#8221; custom_padding=&#8221;|25px|25px|25px|false|true&#8221; global_colors_info=&#8221;{}&#8221;][et_pb_column type=&#8221;4_4&#8243; _builder_version=&#8221;4.20.0&#8243; _module_preset=&#8221;default&#8221; global_colors_info=&#8221;{}&#8221;][et_pb_icon font_icon=&#8221;&#xe09a;||divi||400&#8243; icon_color=&#8221;#FFFFFF&#8221; icon_width=&#8221;22px&#8221; url=&#8221;https:\/\/www.instagram.com\/maresmar1987\/&#8221; url_new_window=&#8221;on&#8221; admin_label=&#8221;Icono RRSS&#8221; module_class=&#8221;footer-rrss-icon&#8221; _builder_version=&#8221;4.20.0&#8243; _module_preset=&#8221;default&#8221; custom_margin=&#8221;|8px|0px|8px|false|true&#8221; global_colors_info=&#8221;{}&#8221;][\/et_pb_icon][et_pb_icon font_icon=&#8221;&#xe09d;||divi||400&#8243; icon_color=&#8221;#FFFFFF&#8221; icon_width=&#8221;22px&#8221; url=&#8221;https:\/\/www.linkedin.com\/company\/maresmar-s-l-u\/&#8221; url_new_window=&#8221;on&#8221; admin_label=&#8221;Icono RRSS&#8221; module_class=&#8221;footer-rrss-icon&#8221; _builder_version=&#8221;4.20.0&#8243; _module_preset=&#8221;default&#8221; custom_margin=&#8221;|8px|0px|8px|false|true&#8221; global_colors_info=&#8221;{}&#8221;][\/et_pb_icon][et_pb_icon font_icon=&#8221;&#xe0a3;||divi||400&#8243; icon_color=&#8221;#FFFFFF&#8221; icon_width=&#8221;22px&#8221; url=&#8221;https:\/\/www.youtube.com\/@maresmar1987&#8243; url_new_window=&#8221;on&#8221; admin_label=&#8221;Icono RRSS&#8221; module_class=&#8221;footer-rrss-icon&#8221; _builder_version=&#8221;4.20.0&#8243; _module_preset=&#8221;default&#8221; custom_margin=&#8221;|8px|0px|8px|false|true&#8221; global_colors_info=&#8221;{}&#8221;][\/et_pb_icon][\/et_pb_column][\/et_pb_row][et_pb_row module_class=&#8221;dms-flex-center&#8221; _builder_version=&#8221;4.20.0&#8243; _module_preset=&#8221;default&#8221; background_color=&#8221;#FFFFFF&#8221; width=&#8221;100%&#8221; max_width=&#8221;100%&#8221; custom_padding=&#8221;25px|25px|25px|25px|true|true&#8221; global_colors_info=&#8221;{}&#8221;][et_pb_column type=&#8221;4_4&#8243; _builder_version=&#8221;4.20.0&#8243; _module_preset=&#8221;default&#8221; global_colors_info=&#8221;{}&#8221;][et_pb_image src=&#8221;https:\/\/www.maresmar.com\/wp-content\/uploads\/2024\/01\/logos_calidade.png&#8221; title_text=&#8221;logos_calidade&#8221; admin_label=&#8221;Logo Socios Footer&#8221; _builder_version=&#8221;4.20.0&#8243; _module_preset=&#8221;default&#8221; custom_margin=&#8221;|30px|0px|30px|false|true&#8221; custom_margin_tablet=&#8221;&#8221; custom_margin_phone=&#8221;|5px||5px|false|true&#8221; custom_margin_last_edited=&#8221;on|phone&#8221; global_colors_info=&#8221;{}&#8221;][\/et_pb_image][et_pb_image src=&#8221;https:\/\/www.maresmar.com\/wp-content\/uploads\/2024\/01\/logos_musklu.png&#8221; title_text=&#8221;logos_musklu&#8221; admin_label=&#8221;Logo Socios Footer&#8221; _builder_version=&#8221;4.20.0&#8243; _module_preset=&#8221;default&#8221; custom_margin=&#8221;|30px|0px|30px|false|true&#8221; custom_margin_tablet=&#8221;&#8221; custom_margin_phone=&#8221;|5px|0px|5px|false|true&#8221; custom_margin_last_edited=&#8221;on|phone&#8221; global_colors_info=&#8221;{}&#8221;][\/et_pb_image][et_pb_image src=&#8221;https:\/\/www.maresmar.com\/wp-content\/uploads\/2024\/01\/logos_quality.png&#8221; title_text=&#8221;logos_quality&#8221; admin_label=&#8221;Logo Socios Footer&#8221; _builder_version=&#8221;4.20.0&#8243; _module_preset=&#8221;default&#8221; custom_margin=&#8221;|30px|0px|30px|false|true&#8221; custom_margin_tablet=&#8221;&#8221; custom_margin_phone=&#8221;|5px|0px|5px|false|true&#8221; custom_margin_last_edited=&#8221;on|phone&#8221; global_colors_info=&#8221;{}&#8221;][\/et_pb_image][et_pb_image src=&#8221;https:\/\/www.maresmar.com\/wp-content\/uploads\/2024\/02\/logos_maresmar-1.png&#8221; title_text=&#8221;logos_maresmar&#8221; admin_label=&#8221;Logo Socios Footer&#8221; _builder_version=&#8221;4.20.0&#8243; _module_preset=&#8221;default&#8221; custom_margin=&#8221;|30px|0px|30px|false|true&#8221; custom_margin_tablet=&#8221;&#8221; custom_margin_phone=&#8221;|5px|0px|5px|false|true&#8221; custom_margin_last_edited=&#8221;on|phone&#8221; global_colors_info=&#8221;{}&#8221;][\/et_pb_image][\/et_pb_column][\/et_pb_row][\/et_pb_section]<\/p>\n","protected":false},"excerpt":{"rendered":"<p>Fresc&nbsp; Congelat&nbsp; AV\u00cdS LEGALPOL\u00cdTICA DE COOKIESPOL\u00cdTICA DE PRIVACITAT<\/p>\n","protected":false},"author":1,"featured_media":0,"parent":0,"menu_order":0,"comment_status":"closed","ping_status":"closed","template":"","meta":{"_et_pb_use_builder":"on","_et_pb_old_content":"","_et_gb_content_width":"","footnotes":""},"class_list":["post-7170","page","type-page","status-publish","hentry"],"yoast_head":"<!-- This site is optimized with the Yoast SEO plugin v27.3 - https:\/\/yoast.com\/product\/yoast-seo-wordpress\/ -->\n<title>Cuit - maresmar.com<\/title>\n<meta name=\"robots\" content=\"index, follow, max-snippet:-1, max-image-preview:large, max-video-preview:-1\" \/>\n<link rel=\"canonical\" href=\"https:\/\/www.maresmar.com\/ca\/cuit\/\" \/>\n<meta property=\"og:locale\" content=\"ca_ES\" \/>\n<meta property=\"og:type\" content=\"article\" \/>\n<meta property=\"og:title\" content=\"Cuit - maresmar.com\" \/>\n<meta property=\"og:description\" content=\"Fresc&nbsp; Congelat&nbsp; AV\u00cdS LEGALPOL\u00cdTICA DE COOKIESPOL\u00cdTICA DE PRIVACITAT\" \/>\n<meta property=\"og:url\" content=\"https:\/\/www.maresmar.com\/ca\/cuit\/\" \/>\n<meta property=\"og:site_name\" content=\"maresmar.com\" \/>\n<meta property=\"article:modified_time\" content=\"2024-05-06T07:08:03+00:00\" \/>\n<meta property=\"og:image\" content=\"https:\/\/www.maresmar.com\/wp-content\/uploads\/2024\/04\/logo-maresmar-socials-1.png\" \/>\n\t<meta property=\"og:image:width\" content=\"500\" \/>\n\t<meta property=\"og:image:height\" content=\"311\" \/>\n\t<meta property=\"og:image:type\" content=\"image\/png\" \/>\n<meta name=\"twitter:card\" content=\"summary_large_image\" \/>\n<meta name=\"twitter:label1\" content=\"Temps estimat de lectura\" \/>\n\t<meta name=\"twitter:data1\" content=\"2 minuts\" \/>\n<script type=\"application\/ld+json\" class=\"yoast-schema-graph\">{\"@context\":\"https:\\\/\\\/schema.org\",\"@graph\":[{\"@type\":\"WebPage\",\"@id\":\"https:\\\/\\\/www.maresmar.com\\\/ca\\\/cuit\\\/\",\"url\":\"https:\\\/\\\/www.maresmar.com\\\/ca\\\/cuit\\\/\",\"name\":\"Cuit - maresmar.com\",\"isPartOf\":{\"@id\":\"https:\\\/\\\/www.maresmar.com\\\/#website\"},\"datePublished\":\"2022-05-20T08:27:30+00:00\",\"dateModified\":\"2024-05-06T07:08:03+00:00\",\"inLanguage\":\"ca\",\"potentialAction\":[{\"@type\":\"ReadAction\",\"target\":[\"https:\\\/\\\/www.maresmar.com\\\/ca\\\/cuit\\\/\"]}]},{\"@type\":\"WebSite\",\"@id\":\"https:\\\/\\\/www.maresmar.com\\\/#website\",\"url\":\"https:\\\/\\\/www.maresmar.com\\\/\",\"name\":\"Maresmar\",\"description\":\"En todos los oceanos, Desde 1987 nuestra apuesta por el servicio y la innovaci\u00f3n, ha permitido consolidar nuestra oferta de productos del mar como una de las m\u00e1s amplias del mercado.\",\"publisher\":{\"@id\":\"https:\\\/\\\/www.maresmar.com\\\/#organization\"},\"potentialAction\":[{\"@type\":\"SearchAction\",\"target\":{\"@type\":\"EntryPoint\",\"urlTemplate\":\"https:\\\/\\\/www.maresmar.com\\\/?s={search_term_string}\"},\"query-input\":{\"@type\":\"PropertyValueSpecification\",\"valueRequired\":true,\"valueName\":\"search_term_string\"}}],\"inLanguage\":\"ca\"},{\"@type\":\"Organization\",\"@id\":\"https:\\\/\\\/www.maresmar.com\\\/#organization\",\"name\":\"Maresmar\",\"url\":\"https:\\\/\\\/www.maresmar.com\\\/\",\"logo\":{\"@type\":\"ImageObject\",\"inLanguage\":\"ca\",\"@id\":\"https:\\\/\\\/www.maresmar.com\\\/#\\\/schema\\\/logo\\\/image\\\/\",\"url\":\"https:\\\/\\\/www.maresmar.com\\\/wp-content\\\/uploads\\\/2024\\\/04\\\/logo-maresmar-socials-1.png\",\"contentUrl\":\"https:\\\/\\\/www.maresmar.com\\\/wp-content\\\/uploads\\\/2024\\\/04\\\/logo-maresmar-socials-1.png\",\"width\":500,\"height\":311,\"caption\":\"Maresmar\"},\"image\":{\"@id\":\"https:\\\/\\\/www.maresmar.com\\\/#\\\/schema\\\/logo\\\/image\\\/\"}}]}<\/script>\n<!-- \/ Yoast SEO plugin. -->","yoast_head_json":{"title":"Cuit - maresmar.com","robots":{"index":"index","follow":"follow","max-snippet":"max-snippet:-1","max-image-preview":"max-image-preview:large","max-video-preview":"max-video-preview:-1"},"canonical":"https:\/\/www.maresmar.com\/ca\/cuit\/","og_locale":"ca_ES","og_type":"article","og_title":"Cuit - maresmar.com","og_description":"Fresc&nbsp; Congelat&nbsp; AV\u00cdS LEGALPOL\u00cdTICA DE COOKIESPOL\u00cdTICA DE PRIVACITAT","og_url":"https:\/\/www.maresmar.com\/ca\/cuit\/","og_site_name":"maresmar.com","article_modified_time":"2024-05-06T07:08:03+00:00","og_image":[{"width":500,"height":311,"url":"https:\/\/www.maresmar.com\/wp-content\/uploads\/2024\/04\/logo-maresmar-socials-1.png","type":"image\/png"}],"twitter_card":"summary_large_image","twitter_misc":{"Temps estimat de lectura":"2 minuts"},"schema":{"@context":"https:\/\/schema.org","@graph":[{"@type":"WebPage","@id":"https:\/\/www.maresmar.com\/ca\/cuit\/","url":"https:\/\/www.maresmar.com\/ca\/cuit\/","name":"Cuit - maresmar.com","isPartOf":{"@id":"https:\/\/www.maresmar.com\/#website"},"datePublished":"2022-05-20T08:27:30+00:00","dateModified":"2024-05-06T07:08:03+00:00","inLanguage":"ca","potentialAction":[{"@type":"ReadAction","target":["https:\/\/www.maresmar.com\/ca\/cuit\/"]}]},{"@type":"WebSite","@id":"https:\/\/www.maresmar.com\/#website","url":"https:\/\/www.maresmar.com\/","name":"Maresmar","description":"En todos los oceanos, Desde 1987 nuestra apuesta por el servicio y la innovaci\u00f3n, ha permitido consolidar nuestra oferta de productos del mar como una de las m\u00e1s amplias del mercado.","publisher":{"@id":"https:\/\/www.maresmar.com\/#organization"},"potentialAction":[{"@type":"SearchAction","target":{"@type":"EntryPoint","urlTemplate":"https:\/\/www.maresmar.com\/?s={search_term_string}"},"query-input":{"@type":"PropertyValueSpecification","valueRequired":true,"valueName":"search_term_string"}}],"inLanguage":"ca"},{"@type":"Organization","@id":"https:\/\/www.maresmar.com\/#organization","name":"Maresmar","url":"https:\/\/www.maresmar.com\/","logo":{"@type":"ImageObject","inLanguage":"ca","@id":"https:\/\/www.maresmar.com\/#\/schema\/logo\/image\/","url":"https:\/\/www.maresmar.com\/wp-content\/uploads\/2024\/04\/logo-maresmar-socials-1.png","contentUrl":"https:\/\/www.maresmar.com\/wp-content\/uploads\/2024\/04\/logo-maresmar-socials-1.png","width":500,"height":311,"caption":"Maresmar"},"image":{"@id":"https:\/\/www.maresmar.com\/#\/schema\/logo\/image\/"}}]}},"_links":{"self":[{"href":"https:\/\/www.maresmar.com\/ca\/wp-json\/wp\/v2\/pages\/7170","targetHints":{"allow":["GET"]}}],"collection":[{"href":"https:\/\/www.maresmar.com\/ca\/wp-json\/wp\/v2\/pages"}],"about":[{"href":"https:\/\/www.maresmar.com\/ca\/wp-json\/wp\/v2\/types\/page"}],"author":[{"embeddable":true,"href":"https:\/\/www.maresmar.com\/ca\/wp-json\/wp\/v2\/users\/1"}],"replies":[{"embeddable":true,"href":"https:\/\/www.maresmar.com\/ca\/wp-json\/wp\/v2\/comments?post=7170"}],"version-history":[{"count":5,"href":"https:\/\/www.maresmar.com\/ca\/wp-json\/wp\/v2\/pages\/7170\/revisions"}],"predecessor-version":[{"id":12514,"href":"https:\/\/www.maresmar.com\/ca\/wp-json\/wp\/v2\/pages\/7170\/revisions\/12514"}],"wp:attachment":[{"href":"https:\/\/www.maresmar.com\/ca\/wp-json\/wp\/v2\/media?parent=7170"}],"curies":[{"name":"wp","href":"https:\/\/api.w.org\/{rel}","templated":true}]}}