{"id":1087,"date":"2016-04-26T10:59:35","date_gmt":"2016-04-26T10:59:35","guid":{"rendered":"https:\/\/maresmar.com\/ca\/blog-del-mar\/"},"modified":"2024-02-16T09:01:42","modified_gmt":"2024-02-16T09:01:42","slug":"noticies","status":"publish","type":"page","link":"https:\/\/www.maresmar.com\/ca\/noticies\/","title":{"rendered":"Not\u00edcies"},"content":{"rendered":"<p>[et_pb_section fb_built=&#8221;1&#8243; fullwidth=&#8221;on&#8221; _builder_version=&#8221;4.20.0&#8243; _module_preset=&#8221;default&#8221; global_colors_info=&#8221;{}&#8221;][et_pb_fullwidth_image src=&#8221;https:\/\/www.maresmar.com\/wp-content\/uploads\/2024\/02\/maresmar_blog_header_2.jpg&#8221; title_text=&#8221;maresmar_blog_header_2&#8243; disabled_on=&#8221;on|off|off&#8221; _builder_version=&#8221;4.20.0&#8243; _module_preset=&#8221;default&#8221; global_colors_info=&#8221;{}&#8221;][\/et_pb_fullwidth_image][et_pb_fullwidth_header title=&#8221;El blog del mar&#8221; subhead=&#8221;\u00daltimes Not\u00edcies&#8221; text_orientation=&#8221;center&#8221; disabled_on=&#8221;off|on|on&#8221; _builder_version=&#8221;4.20.0&#8243; _module_preset=&#8221;default&#8221; title_font=&#8221;|||on|||||&#8221; title_text_align=&#8221;center&#8221; title_text_color=&#8221;#FFFFFF&#8221; title_font_size=&#8221;28px&#8221; title_letter_spacing=&#8221;1.4px&#8221; title_line_height=&#8221;36.4px&#8221; subhead_font=&#8221;|||on|||||&#8221; subhead_text_align=&#8221;center&#8221; subhead_text_color=&#8221;#FFFFFF&#8221; subhead_font_size=&#8221;12px&#8221; subhead_letter_spacing=&#8221;3.6px&#8221; subhead_line_height=&#8221;21px&#8221; background_image=&#8221;https:\/\/www.maresmar.com\/wp-content\/uploads\/2024\/02\/maresmar_blog_header_MOB_2.jpg&#8221; global_colors_info=&#8221;{}&#8221;][\/et_pb_fullwidth_header][\/et_pb_section][et_pb_section fb_built=&#8221;1&#8243; admin_label=&#8221;section&#8221; _builder_version=&#8221;4.16&#8243; global_colors_info=&#8221;{}&#8221;][et_pb_row admin_label=&#8221;row&#8221; module_class=&#8221;container&#8221; _builder_version=&#8221;4.20.0&#8243; background_size=&#8221;initial&#8221; background_position=&#8221;top_left&#8221; background_repeat=&#8221;repeat&#8221; global_colors_info=&#8221;{}&#8221;][et_pb_column type=&#8221;4_4&#8243; _builder_version=&#8221;4.16&#8243; custom_padding=&#8221;|||&#8221; global_colors_info=&#8221;{}&#8221; custom_padding__hover=&#8221;|||&#8221;][et_pb_text disabled_on=&#8221;on|off|off&#8221; _builder_version=&#8221;4.20.0&#8243; _module_preset=&#8221;default&#8221; text_font=&#8221;|700||on|||||&#8221; text_text_color=&#8221;#0082ca&#8221; text_font_size=&#8221;16px&#8221; text_letter_spacing=&#8221;4.8px&#8221; text_line_height=&#8221;28px&#8221; text_orientation=&#8221;center&#8221; custom_margin=&#8221;||5px||false|false&#8221; text_font_size_tablet=&#8221;14px&#8221; text_font_size_phone=&#8221;14px&#8221; text_font_size_last_edited=&#8221;on|tablet&#8221; text_letter_spacing_tablet=&#8221;4.2px&#8221; text_letter_spacing_phone=&#8221;4.2px&#8221; text_letter_spacing_last_edited=&#8221;on|desktop&#8221; text_line_height_tablet=&#8221;25px&#8221; text_line_height_phone=&#8221;25px&#8221; text_line_height_last_edited=&#8221;on|desktop&#8221; global_colors_info=&#8221;{}&#8221;]<\/p>\n<p>\u00daltimes Not\u00edcies<\/p>\n<p>[\/et_pb_text][et_pb_text disabled_on=&#8221;on|off|off&#8221; _builder_version=&#8221;4.20.0&#8243; _module_preset=&#8221;default&#8221; text_font=&#8221;Sailors Rough|||on|||||&#8221; text_text_color=&#8221;#002f87&#8243; text_font_size=&#8221;42px&#8221; text_letter_spacing=&#8221;2.1px&#8221; text_line_height=&#8221;54.6px&#8221; text_orientation=&#8221;center&#8221; custom_margin=&#8221;||15px||false|false&#8221; text_font_size_tablet=&#8221;36px&#8221; text_font_size_phone=&#8221;36px&#8221; text_font_size_last_edited=&#8221;on|tablet&#8221; text_letter_spacing_tablet=&#8221;1.8px&#8221; text_letter_spacing_phone=&#8221;1.8px&#8221; text_letter_spacing_last_edited=&#8221;on|tablet&#8221; text_line_height_tablet=&#8221;45px&#8221; text_line_height_phone=&#8221;45px&#8221; text_line_height_last_edited=&#8221;on|tablet&#8221; global_colors_info=&#8221;{}&#8221;]<\/p>\n<p>El blog del mar<\/p>\n<p>[\/et_pb_text][et_pb_divider color=&#8221;#0082ca&#8221; divider_weight=&#8221;2px&#8221; disabled_on=&#8221;on|off|off&#8221; _builder_version=&#8221;4.20.0&#8243; _module_preset=&#8221;default&#8221; width=&#8221;300px&#8221; module_alignment=&#8221;center&#8221; custom_margin=&#8221;||50px||false|false&#8221; global_colors_info=&#8221;{}&#8221;][\/et_pb_divider][et_pb_blog fullwidth=&#8221;off&#8221; posts_number=&#8221;6&#8243; include_categories=&#8221;37,35,38,34,1,36&#8243; use_manual_excerpt=&#8221;off&#8221; show_more=&#8221;on&#8221; show_author=&#8221;off&#8221; show_categories=&#8221;off&#8221; show_excerpt=&#8221;off&#8221; admin_label=&#8221;Blog&#8221; module_class=&#8221;posts-container&#8221; _builder_version=&#8221;4.20.0&#8243; header_text_color=&#8221;#1f3b71&#8243; header_font_size=&#8221;30px&#8221; header_line_height=&#8221;38px&#8221; meta_font=&#8221;|700|||||||&#8221; meta_text_color=&#8221;#1f3b71&#8243; meta_font_size=&#8221;16px&#8221; meta_line_height=&#8221;26px&#8221; read_more_font=&#8221;||||on||||&#8221; read_more_text_color=&#8221;#0082ca&#8221; read_more_font_size=&#8221;16px&#8221; read_more_letter_spacing=&#8221;1.28px&#8221; read_more_line_height=&#8221;28px&#8221; header_font_size_tablet=&#8221;28px&#8221; header_font_size_phone=&#8221;26px&#8221; header_font_size_last_edited=&#8221;on|tablet&#8221; header_letter_spacing_tablet=&#8221;&#8221; header_letter_spacing_phone=&#8221;&#8221; header_letter_spacing_last_edited=&#8221;on|tablet&#8221; header_line_height_tablet=&#8221;36px&#8221; header_line_height_phone=&#8221;33.8px&#8221; header_line_height_last_edited=&#8221;on|phone&#8221; read_more_font_size_tablet=&#8221;16px&#8221; read_more_font_size_phone=&#8221;14px&#8221; read_more_font_size_last_edited=&#8221;on|phone&#8221; read_more_letter_spacing_tablet=&#8221;1.28px&#8221; read_more_letter_spacing_phone=&#8221;1.12px&#8221; read_more_letter_spacing_last_edited=&#8221;on|phone&#8221; read_more_line_height_tablet=&#8221;28px&#8221; read_more_line_height_phone=&#8221;24.5px&#8221; read_more_line_height_last_edited=&#8221;on|phone&#8221; use_border_color=&#8221;off&#8221; border_color=&#8221;#ffffff&#8221; border_style=&#8221;solid&#8221; use_dropshadow=&#8221;off&#8221; global_colors_info=&#8221;{}&#8221;] [\/et_pb_blog][\/et_pb_column][\/et_pb_row][\/et_pb_section][et_pb_section fb_built=&#8221;1&#8243; _builder_version=&#8221;4.20.0&#8243; width=&#8221;100%&#8221; max_width=&#8221;100%&#8221; module_alignment=&#8221;center&#8221; custom_padding=&#8221;0px||0px||false|false&#8221; global_module=&#8221;5459&#8243; global_colors_info=&#8221;{}&#8221;][et_pb_row _builder_version=&#8221;4.20.0&#8243; background_color=&#8221;#1f3b71&#8243; background_size=&#8221;initial&#8221; background_position=&#8221;top_left&#8221; background_repeat=&#8221;repeat&#8221; width=&#8221;100%&#8221; max_width=&#8221;100%&#8221; module_alignment=&#8221;center&#8221; custom_padding=&#8221;50px|25px||25px|false|true&#8221; global_colors_info=&#8221;{}&#8221;][et_pb_column type=&#8221;4_4&#8243; _builder_version=&#8221;4.20.0&#8243; _module_preset=&#8221;default&#8221; global_colors_info=&#8221;{}&#8221;][et_pb_image src=&#8221;https:\/\/www.maresmar.com\/wp-content\/uploads\/2024\/02\/maresmar_logo-1.png&#8221; title_text=&#8221;maresmar_logo&#8221; url=&#8221;https:\/\/www.maresmar.com\/&#8221; align=&#8221;center&#8221; _builder_version=&#8221;4.20.0&#8243; _module_preset=&#8221;default&#8221; width=&#8221;200px&#8221; width_tablet=&#8221;250px&#8221; width_phone=&#8221;150px&#8221; width_last_edited=&#8221;on|phone&#8221; global_colors_info=&#8221;{}&#8221;][\/et_pb_image][\/et_pb_column][\/et_pb_row][et_pb_row custom_padding_last_edited=&#8221;on|desktop&#8221; module_class=&#8221;dms-flex-center footer-links&#8221; _builder_version=&#8221;4.20.0&#8243; _module_preset=&#8221;default&#8221; background_color=&#8221;#1f3b71&#8243; width=&#8221;100%&#8221; max_width=&#8221;100%&#8221; module_alignment=&#8221;center&#8221; custom_padding=&#8221;25px|25px|25px|25px|true|true&#8221; custom_padding_tablet=&#8221;&#8221; custom_padding_phone=&#8221;15px||0px||false|true&#8221; global_colors_info=&#8221;{}&#8221;][et_pb_column type=&#8221;4_4&#8243; _builder_version=&#8221;4.20.0&#8243; _module_preset=&#8221;default&#8221; global_colors_info=&#8221;{}&#8221;][et_pb_text _builder_version=&#8221;4.20.0&#8243; _dynamic_attributes=&#8221;link_option_url&#8221; _module_preset=&#8221;default&#8221; text_font=&#8221;|300||on|||||&#8221; text_text_color=&#8221;#FFFFFF&#8221; text_font_size=&#8221;11px&#8221; text_letter_spacing=&#8221;4.2px&#8221; custom_margin=&#8221;|35px|0px|35px|false|true&#8221; link_option_url=&#8221;@ET-DC@eyJkeW5hbWljIjp0cnVlLCJjb250ZW50IjoicG9zdF9saW5rX3VybF9wYWdlIiwic2V0dGluZ3MiOnsicG9zdF9pZCI6IjM5NzMifX0=@&#8221; global_colors_info=&#8221;{}&#8221;]<\/p>\n<p style=\"text-align: center;\">AV\u00cdS LEGAL<\/p>\n<p>[\/et_pb_text][et_pb_text _builder_version=&#8221;4.20.0&#8243; _dynamic_attributes=&#8221;link_option_url&#8221; _module_preset=&#8221;default&#8221; text_font=&#8221;|300||on|||||&#8221; text_text_color=&#8221;#FFFFFF&#8221; text_font_size=&#8221;11px&#8221; text_letter_spacing=&#8221;4.2px&#8221; custom_margin=&#8221;|35px|0px|35px|false|true&#8221; link_option_url=&#8221;@ET-DC@eyJkeW5hbWljIjp0cnVlLCJjb250ZW50IjoicG9zdF9saW5rX3VybF9wYWdlIiwic2V0dGluZ3MiOnsicG9zdF9pZCI6IjYifX0=@&#8221; global_colors_info=&#8221;{}&#8221;]<\/p>\n<p style=\"text-align: center;\">POL\u00cdTICA DE COOKIES<\/p>\n<p>[\/et_pb_text][et_pb_text _builder_version=&#8221;4.20.0&#8243; _dynamic_attributes=&#8221;link_option_url&#8221; _module_preset=&#8221;default&#8221; text_font=&#8221;|300||on|||||&#8221; text_text_color=&#8221;#FFFFFF&#8221; text_font_size=&#8221;11px&#8221; text_letter_spacing=&#8221;4.2px&#8221; custom_margin=&#8221;|35px|0px|35px|false|true&#8221; link_option_url=&#8221;@ET-DC@eyJkeW5hbWljIjp0cnVlLCJjb250ZW50IjoicG9zdF9saW5rX3VybF9wYWdlIiwic2V0dGluZ3MiOnsicG9zdF9pZCI6IjM5NzEifX0=@&#8221; global_colors_info=&#8221;{}&#8221;]<\/p>\n<p style=\"text-align: center;\">POL\u00cdTICA DE PRIVACITAT<\/p>\n<p>[\/et_pb_text][\/et_pb_column][\/et_pb_row][et_pb_row module_class=&#8221;dms-flex-center&#8221; _builder_version=&#8221;4.20.0&#8243; _module_preset=&#8221;default&#8221; background_color=&#8221;#1f3b71&#8243; width=&#8221;100%&#8221; max_width=&#8221;100%&#8221; custom_padding=&#8221;|25px|25px|25px|false|true&#8221; global_colors_info=&#8221;{}&#8221;][et_pb_column type=&#8221;4_4&#8243; _builder_version=&#8221;4.20.0&#8243; _module_preset=&#8221;default&#8221; global_colors_info=&#8221;{}&#8221;][et_pb_icon font_icon=&#8221;&#xe09a;||divi||400&#8243; icon_color=&#8221;#FFFFFF&#8221; icon_width=&#8221;22px&#8221; url=&#8221;https:\/\/www.instagram.com\/maresmar1987\/&#8221; url_new_window=&#8221;on&#8221; admin_label=&#8221;Icono RRSS&#8221; module_class=&#8221;footer-rrss-icon&#8221; _builder_version=&#8221;4.20.0&#8243; _module_preset=&#8221;default&#8221; custom_margin=&#8221;|8px|0px|8px|false|true&#8221; global_colors_info=&#8221;{}&#8221;][\/et_pb_icon][et_pb_icon font_icon=&#8221;&#xe09d;||divi||400&#8243; icon_color=&#8221;#FFFFFF&#8221; icon_width=&#8221;22px&#8221; url=&#8221;https:\/\/www.linkedin.com\/company\/maresmar-s-l-u\/&#8221; url_new_window=&#8221;on&#8221; admin_label=&#8221;Icono RRSS&#8221; module_class=&#8221;footer-rrss-icon&#8221; _builder_version=&#8221;4.20.0&#8243; _module_preset=&#8221;default&#8221; custom_margin=&#8221;|8px|0px|8px|false|true&#8221; global_colors_info=&#8221;{}&#8221;][\/et_pb_icon][et_pb_icon font_icon=&#8221;&#xe0a3;||divi||400&#8243; icon_color=&#8221;#FFFFFF&#8221; icon_width=&#8221;22px&#8221; url=&#8221;https:\/\/www.youtube.com\/@maresmar1987&#8243; url_new_window=&#8221;on&#8221; admin_label=&#8221;Icono RRSS&#8221; module_class=&#8221;footer-rrss-icon&#8221; _builder_version=&#8221;4.20.0&#8243; _module_preset=&#8221;default&#8221; custom_margin=&#8221;|8px|0px|8px|false|true&#8221; global_colors_info=&#8221;{}&#8221;][\/et_pb_icon][\/et_pb_column][\/et_pb_row][et_pb_row module_class=&#8221;dms-flex-center&#8221; _builder_version=&#8221;4.20.0&#8243; _module_preset=&#8221;default&#8221; background_color=&#8221;#FFFFFF&#8221; width=&#8221;100%&#8221; max_width=&#8221;100%&#8221; custom_padding=&#8221;25px|25px|25px|25px|true|true&#8221; global_colors_info=&#8221;{}&#8221;][et_pb_column type=&#8221;4_4&#8243; _builder_version=&#8221;4.20.0&#8243; _module_preset=&#8221;default&#8221; global_colors_info=&#8221;{}&#8221;][et_pb_image src=&#8221;https:\/\/www.maresmar.com\/wp-content\/uploads\/2024\/01\/logos_calidade.png&#8221; title_text=&#8221;logos_calidade&#8221; admin_label=&#8221;Logo Socios Footer&#8221; _builder_version=&#8221;4.20.0&#8243; _module_preset=&#8221;default&#8221; custom_margin=&#8221;|30px|0px|30px|false|true&#8221; custom_margin_tablet=&#8221;&#8221; custom_margin_phone=&#8221;|5px||5px|false|true&#8221; custom_margin_last_edited=&#8221;on|phone&#8221; global_colors_info=&#8221;{}&#8221;][\/et_pb_image][et_pb_image src=&#8221;https:\/\/www.maresmar.com\/wp-content\/uploads\/2024\/01\/logos_musklu.png&#8221; title_text=&#8221;logos_musklu&#8221; admin_label=&#8221;Logo Socios Footer&#8221; _builder_version=&#8221;4.20.0&#8243; _module_preset=&#8221;default&#8221; custom_margin=&#8221;|30px|0px|30px|false|true&#8221; custom_margin_tablet=&#8221;&#8221; custom_margin_phone=&#8221;|5px|0px|5px|false|true&#8221; custom_margin_last_edited=&#8221;on|phone&#8221; global_colors_info=&#8221;{}&#8221;][\/et_pb_image][et_pb_image src=&#8221;https:\/\/www.maresmar.com\/wp-content\/uploads\/2024\/01\/logos_quality.png&#8221; title_text=&#8221;logos_quality&#8221; admin_label=&#8221;Logo Socios Footer&#8221; _builder_version=&#8221;4.20.0&#8243; _module_preset=&#8221;default&#8221; custom_margin=&#8221;|30px|0px|30px|false|true&#8221; custom_margin_tablet=&#8221;&#8221; custom_margin_phone=&#8221;|5px|0px|5px|false|true&#8221; custom_margin_last_edited=&#8221;on|phone&#8221; global_colors_info=&#8221;{}&#8221;][\/et_pb_image][et_pb_image src=&#8221;https:\/\/www.maresmar.com\/wp-content\/uploads\/2024\/02\/logos_maresmar-1.png&#8221; title_text=&#8221;logos_maresmar&#8221; admin_label=&#8221;Logo Socios Footer&#8221; _builder_version=&#8221;4.20.0&#8243; _module_preset=&#8221;default&#8221; custom_margin=&#8221;|30px|0px|30px|false|true&#8221; custom_margin_tablet=&#8221;&#8221; custom_margin_phone=&#8221;|5px|0px|5px|false|true&#8221; custom_margin_last_edited=&#8221;on|phone&#8221; global_colors_info=&#8221;{}&#8221;][\/et_pb_image][\/et_pb_column][\/et_pb_row][\/et_pb_section]<\/p>\n","protected":false},"excerpt":{"rendered":"<p>\u00daltimes Not\u00edciesEl blog del mar AV\u00cdS LEGALPOL\u00cdTICA DE COOKIESPOL\u00cdTICA DE PRIVACITAT<\/p>\n","protected":false},"author":1,"featured_media":0,"parent":0,"menu_order":0,"comment_status":"closed","ping_status":"closed","template":"","meta":{"_et_pb_use_builder":"on","_et_pb_old_content":"","_et_gb_content_width":"","footnotes":""},"class_list":["post-1087","page","type-page","status-publish","hentry"],"yoast_head":"<!-- This site is optimized with the Yoast SEO plugin v27.3 - https:\/\/yoast.com\/product\/yoast-seo-wordpress\/ -->\n<title>Not\u00edcies - maresmar.com<\/title>\n<meta name=\"description\" content=\"Nuestro blog de noticias, con toda la actualidad de nuestro sector\u2026\" \/>\n<meta name=\"robots\" content=\"index, follow, max-snippet:-1, max-image-preview:large, max-video-preview:-1\" \/>\n<link rel=\"canonical\" href=\"https:\/\/www.maresmar.com\/ca\/noticies\/\" \/>\n<meta property=\"og:locale\" content=\"ca_ES\" \/>\n<meta property=\"og:type\" content=\"article\" \/>\n<meta property=\"og:title\" content=\"Not\u00edcies - maresmar.com\" \/>\n<meta property=\"og:description\" content=\"Nuestro blog de noticias, con toda la actualidad de nuestro sector\u2026\" \/>\n<meta property=\"og:url\" content=\"https:\/\/www.maresmar.com\/ca\/noticies\/\" \/>\n<meta property=\"og:site_name\" content=\"maresmar.com\" \/>\n<meta property=\"article:modified_time\" content=\"2024-02-16T09:01:42+00:00\" \/>\n<meta property=\"og:image\" content=\"https:\/\/www.maresmar.com\/wp-content\/uploads\/2024\/04\/logo-maresmar-socials-1.png\" \/>\n\t<meta property=\"og:image:width\" content=\"500\" \/>\n\t<meta property=\"og:image:height\" content=\"311\" \/>\n\t<meta property=\"og:image:type\" content=\"image\/png\" \/>\n<meta name=\"twitter:card\" content=\"summary_large_image\" \/>\n<meta name=\"twitter:label1\" content=\"Temps estimat de lectura\" \/>\n\t<meta name=\"twitter:data1\" content=\"2 minuts\" \/>\n<script type=\"application\/ld+json\" class=\"yoast-schema-graph\">{\"@context\":\"https:\\\/\\\/schema.org\",\"@graph\":[{\"@type\":\"WebPage\",\"@id\":\"https:\\\/\\\/www.maresmar.com\\\/ca\\\/noticies\\\/\",\"url\":\"https:\\\/\\\/www.maresmar.com\\\/ca\\\/noticies\\\/\",\"name\":\"Not\u00edcies - maresmar.com\",\"isPartOf\":{\"@id\":\"https:\\\/\\\/www.maresmar.com\\\/#website\"},\"datePublished\":\"2016-04-26T10:59:35+00:00\",\"dateModified\":\"2024-02-16T09:01:42+00:00\",\"description\":\"Nuestro blog de noticias, con toda la actualidad de nuestro sector\u2026\",\"inLanguage\":\"ca\",\"potentialAction\":[{\"@type\":\"ReadAction\",\"target\":[\"https:\\\/\\\/www.maresmar.com\\\/ca\\\/noticies\\\/\"]}]},{\"@type\":\"WebSite\",\"@id\":\"https:\\\/\\\/www.maresmar.com\\\/#website\",\"url\":\"https:\\\/\\\/www.maresmar.com\\\/\",\"name\":\"Maresmar\",\"description\":\"En todos los oceanos, Desde 1987 nuestra apuesta por el servicio y la innovaci\u00f3n, ha permitido consolidar nuestra oferta de productos del mar como una de las m\u00e1s amplias del mercado.\",\"publisher\":{\"@id\":\"https:\\\/\\\/www.maresmar.com\\\/#organization\"},\"potentialAction\":[{\"@type\":\"SearchAction\",\"target\":{\"@type\":\"EntryPoint\",\"urlTemplate\":\"https:\\\/\\\/www.maresmar.com\\\/?s={search_term_string}\"},\"query-input\":{\"@type\":\"PropertyValueSpecification\",\"valueRequired\":true,\"valueName\":\"search_term_string\"}}],\"inLanguage\":\"ca\"},{\"@type\":\"Organization\",\"@id\":\"https:\\\/\\\/www.maresmar.com\\\/#organization\",\"name\":\"Maresmar\",\"url\":\"https:\\\/\\\/www.maresmar.com\\\/\",\"logo\":{\"@type\":\"ImageObject\",\"inLanguage\":\"ca\",\"@id\":\"https:\\\/\\\/www.maresmar.com\\\/#\\\/schema\\\/logo\\\/image\\\/\",\"url\":\"https:\\\/\\\/www.maresmar.com\\\/wp-content\\\/uploads\\\/2024\\\/04\\\/logo-maresmar-socials-1.png\",\"contentUrl\":\"https:\\\/\\\/www.maresmar.com\\\/wp-content\\\/uploads\\\/2024\\\/04\\\/logo-maresmar-socials-1.png\",\"width\":500,\"height\":311,\"caption\":\"Maresmar\"},\"image\":{\"@id\":\"https:\\\/\\\/www.maresmar.com\\\/#\\\/schema\\\/logo\\\/image\\\/\"}}]}<\/script>\n<!-- \/ Yoast SEO plugin. -->","yoast_head_json":{"title":"Not\u00edcies - maresmar.com","description":"Nuestro blog de noticias, con toda la actualidad de nuestro sector\u2026","robots":{"index":"index","follow":"follow","max-snippet":"max-snippet:-1","max-image-preview":"max-image-preview:large","max-video-preview":"max-video-preview:-1"},"canonical":"https:\/\/www.maresmar.com\/ca\/noticies\/","og_locale":"ca_ES","og_type":"article","og_title":"Not\u00edcies - maresmar.com","og_description":"Nuestro blog de noticias, con toda la actualidad de nuestro sector\u2026","og_url":"https:\/\/www.maresmar.com\/ca\/noticies\/","og_site_name":"maresmar.com","article_modified_time":"2024-02-16T09:01:42+00:00","og_image":[{"width":500,"height":311,"url":"https:\/\/www.maresmar.com\/wp-content\/uploads\/2024\/04\/logo-maresmar-socials-1.png","type":"image\/png"}],"twitter_card":"summary_large_image","twitter_misc":{"Temps estimat de lectura":"2 minuts"},"schema":{"@context":"https:\/\/schema.org","@graph":[{"@type":"WebPage","@id":"https:\/\/www.maresmar.com\/ca\/noticies\/","url":"https:\/\/www.maresmar.com\/ca\/noticies\/","name":"Not\u00edcies - maresmar.com","isPartOf":{"@id":"https:\/\/www.maresmar.com\/#website"},"datePublished":"2016-04-26T10:59:35+00:00","dateModified":"2024-02-16T09:01:42+00:00","description":"Nuestro blog de noticias, con toda la actualidad de nuestro sector\u2026","inLanguage":"ca","potentialAction":[{"@type":"ReadAction","target":["https:\/\/www.maresmar.com\/ca\/noticies\/"]}]},{"@type":"WebSite","@id":"https:\/\/www.maresmar.com\/#website","url":"https:\/\/www.maresmar.com\/","name":"Maresmar","description":"En todos los oceanos, Desde 1987 nuestra apuesta por el servicio y la innovaci\u00f3n, ha permitido consolidar nuestra oferta de productos del mar como una de las m\u00e1s amplias del mercado.","publisher":{"@id":"https:\/\/www.maresmar.com\/#organization"},"potentialAction":[{"@type":"SearchAction","target":{"@type":"EntryPoint","urlTemplate":"https:\/\/www.maresmar.com\/?s={search_term_string}"},"query-input":{"@type":"PropertyValueSpecification","valueRequired":true,"valueName":"search_term_string"}}],"inLanguage":"ca"},{"@type":"Organization","@id":"https:\/\/www.maresmar.com\/#organization","name":"Maresmar","url":"https:\/\/www.maresmar.com\/","logo":{"@type":"ImageObject","inLanguage":"ca","@id":"https:\/\/www.maresmar.com\/#\/schema\/logo\/image\/","url":"https:\/\/www.maresmar.com\/wp-content\/uploads\/2024\/04\/logo-maresmar-socials-1.png","contentUrl":"https:\/\/www.maresmar.com\/wp-content\/uploads\/2024\/04\/logo-maresmar-socials-1.png","width":500,"height":311,"caption":"Maresmar"},"image":{"@id":"https:\/\/www.maresmar.com\/#\/schema\/logo\/image\/"}}]}},"_links":{"self":[{"href":"https:\/\/www.maresmar.com\/ca\/wp-json\/wp\/v2\/pages\/1087","targetHints":{"allow":["GET"]}}],"collection":[{"href":"https:\/\/www.maresmar.com\/ca\/wp-json\/wp\/v2\/pages"}],"about":[{"href":"https:\/\/www.maresmar.com\/ca\/wp-json\/wp\/v2\/types\/page"}],"author":[{"embeddable":true,"href":"https:\/\/www.maresmar.com\/ca\/wp-json\/wp\/v2\/users\/1"}],"replies":[{"embeddable":true,"href":"https:\/\/www.maresmar.com\/ca\/wp-json\/wp\/v2\/comments?post=1087"}],"version-history":[{"count":7,"href":"https:\/\/www.maresmar.com\/ca\/wp-json\/wp\/v2\/pages\/1087\/revisions"}],"predecessor-version":[{"id":7342,"href":"https:\/\/www.maresmar.com\/ca\/wp-json\/wp\/v2\/pages\/1087\/revisions\/7342"}],"wp:attachment":[{"href":"https:\/\/www.maresmar.com\/ca\/wp-json\/wp\/v2\/media?parent=1087"}],"curies":[{"name":"wp","href":"https:\/\/api.w.org\/{rel}","templated":true}]}}